{"id":307,"date":"2024-12-10T13:33:46","date_gmt":"2024-12-10T13:33:46","guid":{"rendered":"https:\/\/orion.ao\/ao\/?page_id=307"},"modified":"2025-10-17T16:50:30","modified_gmt":"2025-10-17T16:50:30","slug":"sobre","status":"publish","type":"page","link":"https:\/\/orion.ao\/ao\/sobre\/","title":{"rendered":"Quem Somos"},"content":{"rendered":"\n<div class=\"wp-block-cover alignfull is-light has-black-color has-text-color gutenify-section-63fe3870-b701-11ef-83aa-75994a7ecb2f\" style=\"margin-top:0;padding-top:48px;padding-right:48px;padding-bottom:48px;padding-left:48px;min-height:730px;aspect-ratio:unset;\"><video class=\"wp-block-cover__video-background intrinsic-ignore\" autoplay muted loop playsinline src=\"https:\/\/orion.ao\/ao\/wp-content\/uploads\/2025\/02\/WhatsApp-Video-2025-02-24-at-16.57.24-1.mp4\" style=\"object-position:51% 62%\" data-object-fit=\"cover\" data-object-position=\"51% 62%\"><\/video><span aria-hidden=\"true\" class=\"wp-block-cover__background has-background-dim-0 has-background-dim\" style=\"background-color:#ffb43c\"><\/span><div class=\"wp-block-cover__inner-container is-layout-flow wp-block-cover-is-layout-flow\">\n<p class=\"has-text-align-center has-large-font-size gutenify-section-6b9a0140-b701-11ef-83aa-75994a7ecb2f\"><\/p>\n<\/div><\/div>\n\n\n\n<p class=\"gutenify-section-a21f7ee0-b704-11ef-be2e-a36bcfac99e9\"><\/p>\n\n\n\n<div class=\"section-wrapper\" data-id=\"A9Fdra\"><section class=\"wp-block-gutenverse-section guten-element guten-section guten-A9Fdra layout-boxed align-stretch gutenify-section-8cc010b0-b70d-11ef-b441-bbe7865b44cc\"><div class=\"guten-container guten-column-gap-default\">\n<div class=\"wp-block-gutenverse-column guten-element guten-column guten-qiy16L gutenify-section-8fe126d0-b70d-11ef-b441-bbe7865b44cc\"><div class=\"guten-column-wrapper\" data-id=\"qiy16L\">\n<h2 class=\"wp-block-heading gutenify-section-1bd79380-b70f-11ef-b441-bbe7865b44cc\"> Quem Somos <\/h2>\n<\/div><\/div>\n\n\n\n<div class=\"wp-block-gutenverse-column guten-element guten-column guten-a9UqW4 gutenify-section-8ff54b10-b70d-11ef-b441-bbe7865b44cc\"><div class=\"guten-column-wrapper\" data-id=\"a9UqW4\">\n<div class=\"guten-element gutenverse-text-editor guten-070KN8 gutenify-section-9adc6e50-b70d-11ef-b441-bbe7865b44cc\"><div class=\"text-content-inner\">\n<p class=\"has-renovater-primary-color has-text-color has-link-color gutenify-section-2230f140-b70f-11ef-b441-bbe7865b44cc wp-elements-52663ae6a13bd6cd8514fee7faf18fdc\" style=\"font-size:18px\"><font style=\"vertical-align: inherit;\"><font style=\"vertical-align: inherit;\">A ORION \u00e9 uma das primeiras ag\u00eancias especializada em Marketing, Publicidade e Produ\u00e7\u00e3o de Audiovisual em Angola. Pr\u00eamios como <\/font><\/font><strong><font style=\"vertical-align: inherit;\"><font style=\"vertical-align: inherit;\">TVC<\/font><\/font><\/strong><font style=\"vertical-align: inherit;\"><font style=\"vertical-align: inherit;\"> em Angola e o <\/font><\/font><strong><font style=\"vertical-align: inherit;\"><font style=\"vertical-align: inherit;\">Sino de Bronze<\/font><\/font><\/strong><font style=\"vertical-align: inherit;\"><font style=\"vertical-align: inherit;\"> em Portugal, s\u00e3o distin\u00e7\u00f5es que marcam em nossa trajet\u00f3ria nossa dedica\u00e7\u00e3o aos clientes.<\/font><\/font><\/p>\n<\/div><\/div>\n<\/div><\/div>\n<\/div><\/section><\/div>\n\n\n\n<div class=\"section-wrapper\" data-id=\"Dprc0W\"><section class=\"wp-block-gutenverse-section guten-element guten-section guten-Dprc0W layout-boxed align-stretch gutenify-section-95a401d0-be1c-11ef-9580-3d8c9d4898c8\"><div class=\"guten-container guten-column-gap-default\">\n<div class=\"wp-block-gutenverse-column guten-element guten-column guten-j6ojyR gutenify-section-9593d530-be1c-11ef-9580-3d8c9d4898c8\"><div class=\"guten-column-wrapper\" data-id=\"j6ojyR\">\n<div class=\"section-wrapper\" data-id=\"vLJh6x\"><section class=\"wp-block-gutenverse-section guten-element guten-section guten-vLJh6x layout-boxed align-stretch gutenify-section-9518b1c0-be1c-11ef-9580-3d8c9d4898c8\"><div class=\"guten-container guten-column-gap-no\">\n<div class=\"wp-block-gutenverse-column guten-element guten-column guten-cO6xEN gutenify-section-94a83cb0-be1c-11ef-9580-3d8c9d4898c8\"><div class=\"guten-column-wrapper\" data-id=\"cO6xEN\"><div class=\"guten-background-overlay\"><\/div>\n<div class=\"guten-element guten-spacer guten-FQELbH\"><\/div>\n\n\n\n<h3 class=\"wp-block-gutenverse-heading guten-element guten-B7JdHF gutenify-section-9497c1f0-be1c-11ef-9580-3d8c9d4898c8\">Merchandising<\/h3>\n\n\n\n<h6 class=\"wp-block-gutenverse-heading guten-element guten-SG5vxS gutenify-section-94a1fb20-be1c-11ef-9580-3d8c9d4898c8\"><\/h6>\n<\/div><\/div>\n\n\n\n<div class=\"wp-block-gutenverse-column guten-element guten-column guten-8sM87L gutenify-section-950d4010-be1c-11ef-9580-3d8c9d4898c8\"><div class=\"guten-column-wrapper\" data-id=\"8sM87L\"><div class=\"guten-background-overlay\"><\/div>\n<div class=\"section-wrapper\" data-id=\"Jly4gt\"><section class=\"wp-block-gutenverse-section guten-element guten-section guten-Jly4gt layout-boxed align-stretch gutenify-section-94d69fb0-be1c-11ef-9580-3d8c9d4898c8\"><div class=\"guten-background-overlay\"><\/div><div class=\"guten-container guten-column-gap-no\">\n<div class=\"wp-block-gutenverse-column guten-element guten-column guten-WGb1JH gutenify-section-94cb06f0-be1c-11ef-9580-3d8c9d4898c8\"><div class=\"guten-column-wrapper\" data-id=\"WGb1JH\"><div class=\"guten-background-overlay\"><\/div>\n<div class=\"guten-element guten-spacer guten-LvLr0V\"><\/div>\n\n\n\n<h3 class=\"wp-block-gutenverse-heading guten-element guten-BnSOfF gutenify-section-94b8de80-be1c-11ef-9580-3d8c9d4898c8\">Cria\u00e7\u00e3o<\/h3>\n\n\n\n<h6 class=\"wp-block-gutenverse-heading guten-element guten-yXt6c8 gutenify-section-94c40210-be1c-11ef-9580-3d8c9d4898c8\"><\/h6>\n<\/div><\/div>\n<\/div><\/section><\/div>\n\n\n\n<div class=\"section-wrapper\" data-id=\"AOAI9d\"><section class=\"wp-block-gutenverse-section guten-element guten-section guten-AOAI9d layout-boxed align-stretch gutenify-section-9506d770-be1c-11ef-9580-3d8c9d4898c8\"><div class=\"guten-background-overlay\"><\/div><div class=\"guten-container guten-column-gap-no\">\n<div class=\"wp-block-gutenverse-column guten-element guten-column guten-WFRrcs gutenify-section-94fb3eb0-be1c-11ef-9580-3d8c9d4898c8\"><div class=\"guten-column-wrapper\" data-id=\"WFRrcs\"><div class=\"guten-background-overlay\"><\/div>\n<div class=\"guten-element guten-spacer guten-SZoZ0M\"><\/div>\n\n\n\n<h3 class=\"wp-block-gutenverse-heading guten-element guten-seSbjd gutenify-section-94e8c820-be1c-11ef-9580-3d8c9d4898c8\">Atendimento<\/h3>\n\n\n\n<h6 class=\"wp-block-gutenverse-heading guten-element guten-QEAm6e gutenify-section-94f4af00-be1c-11ef-9580-3d8c9d4898c8\"><\/h6>\n<\/div><\/div>\n<\/div><\/section><\/div>\n<\/div><\/div>\n<\/div><\/section><\/div>\n\n\n\n<div class=\"section-wrapper\" data-id=\"fiToeQ\"><section class=\"wp-block-gutenverse-section guten-element guten-section guten-fiToeQ layout-boxed align-stretch gutenify-section-958ca940-be1c-11ef-9580-3d8c9d4898c8\"><div class=\"guten-container guten-column-gap-no\">\n<div class=\"wp-block-gutenverse-column guten-element guten-column guten-FTsbXZ gutenify-section-95390b00-be1c-11ef-9580-3d8c9d4898c8\"><div class=\"guten-column-wrapper\" data-id=\"FTsbXZ\">\n<h3 class=\"wp-block-gutenverse-heading guten-element guten-3aYpzL animated guten-element-hide desktop-fadeInUp gutenify-section-9523d550-be1c-11ef-9580-3d8c9d4898c8\">Who We Are<\/h3>\n<\/div><\/div>\n<\/div><\/section><\/div>\n<\/div><\/div>\n<\/div><\/section><\/div>\n\n\n\n<div class=\"wp-block-cover alignfull is-light has-black-color has-text-color gutenify-section-ce3975e0-0019-11f0-b86f-591ce44ad7f9\" style=\"margin-top:0;padding-top:48px;padding-right:48px;padding-bottom:48px;padding-left:48px;min-height:789px;aspect-ratio:unset;\"><img loading=\"lazy\" decoding=\"async\" width=\"1024\" height=\"511\" class=\"wp-block-cover__image-background wp-image-619 size-large\" alt=\"\" src=\"https:\/\/orion.ao\/ao\/wp-content\/uploads\/2025\/05\/WhatsApp-Image-2025-05-16-at-09.14.38-2-1024x511.jpeg\" style=\"object-position:46% 49%\" data-object-fit=\"cover\" data-object-position=\"46% 49%\" srcset=\"https:\/\/orion.ao\/ao\/wp-content\/uploads\/2025\/05\/WhatsApp-Image-2025-05-16-at-09.14.38-2-1024x511.jpeg 1024w, https:\/\/orion.ao\/ao\/wp-content\/uploads\/2025\/05\/WhatsApp-Image-2025-05-16-at-09.14.38-2-300x150.jpeg 300w, https:\/\/orion.ao\/ao\/wp-content\/uploads\/2025\/05\/WhatsApp-Image-2025-05-16-at-09.14.38-2-768x383.jpeg 768w, https:\/\/orion.ao\/ao\/wp-content\/uploads\/2025\/05\/WhatsApp-Image-2025-05-16-at-09.14.38-2.jpeg 1280w\" sizes=\"auto, (max-width: 1024px) 100vw, 1024px\" \/><span aria-hidden=\"true\" class=\"wp-block-cover__background has-background-dim-0 has-background-dim\" style=\"background-color:#ffb43c\"><\/span><div class=\"wp-block-cover__inner-container is-layout-flow wp-block-cover-is-layout-flow\">\n<p class=\"has-text-align-center has-large-font-size gutenify-section-73601160-001e-11f0-b86f-591ce44ad7f9\"><\/p>\n<\/div><\/div>\n\n\n\n<div class=\"section-wrapper\" data-id=\"McDpTa\"><section class=\"wp-block-gutenverse-section guten-element guten-section guten-McDpTa layout-boxed align-stretch gutenify-section-ca9f7050-b709-11ef-8472-8fa01e59e153\"><div class=\"guten-background-overlay\"><\/div><div class=\"guten-container guten-column-gap-default\">\n<div class=\"wp-block-gutenverse-column guten-element guten-column guten-bIZ2Bp gutenify-section-ca4e6a20-b709-11ef-8472-8fa01e59e153\"><div class=\"guten-column-wrapper\" data-id=\"bIZ2Bp\">\n<div class=\"guten-element gutenverse-text-editor guten-qnZDZr animated guten-element-hide desktop-fadeInUp gutenify-section-c59304f0-b709-11ef-8472-8fa01e59e153\"><div class=\"text-content-inner\"><\/div><\/div>\n\n\n\n<div class=\"section-wrapper\" data-id=\"Gcxu44\"><section class=\"wp-block-gutenverse-section guten-element guten-section guten-Gcxu44 layout-boxed align-stretch gutenify-section-ca1f91f0-b709-11ef-8472-8fa01e59e153\"><div class=\"guten-container guten-column-gap-default\">\n<div class=\"wp-block-gutenverse-column guten-element guten-column guten-P5ViXv animated guten-element-hide desktop-fadeInLeft gutenify-section-c71bc7d0-b709-11ef-8472-8fa01e59e153\"><div class=\"guten-column-wrapper\" data-id=\"P5ViXv\">\n<div class=\"wp-block-gutenverse-image guten-element guten-image guten-cQ0vFz hide-tablet hide-mobile gutenify-section-c5e25d70-b709-11ef-8472-8fa01e59e153\"><div class=\"guten-image-wrapper\"><img loading=\"lazy\" decoding=\"async\" class=\"gutenverse-image-box-filled\" src=\"https:\/\/orion.ao\/ao\/wp-content\/themes\/renovater\/assets\/img\/Arrow.webp\" height=\"90\" width=\"675\"\/><\/div><\/div>\n\n\n\n<div class=\"guten-element guten-z6wUTI guten-icon-box icon-position-undefined gutenify-section-c6e638e0-b709-11ef-8472-8fa01e59e153\"><div class=\"guten-icon-box-wrapper hover-from-left\"><div class=\"icon-box icon-box-header\"><div class=\"icon style-color\"><i class=\"gtn gtn-meteor-solid\"><\/i><\/div><\/div><div class=\"icon-box icon-box-body\"><h2 class=\"title\">Miss\u00e3o<\/h2><p class=\"icon-box-description\">Ser refer\u00eancia no mercado pela melhoria cont\u00ednua, estimulando constantemente a criatividade e a inova\u00e7\u00e3o para superar as expectativas dos clientes e parceiros.<br>Ser reconhecida como uma ag\u00eancia de marketing e produ\u00e7\u00e3o criativa e inovadora, capaz de gerar valor sustent\u00e1vel, inspirando marcas e fortalecendo conex\u00f5es com os seus p\u00fablicos.<\/p><\/div><\/div><\/div>\n<\/div><\/div>\n\n\n\n<div class=\"wp-block-gutenverse-column guten-element guten-column guten-bNVLwH animated guten-element-hide desktop-fadeInLeft gutenify-section-c89f81a0-b709-11ef-8472-8fa01e59e153\"><div class=\"guten-column-wrapper\" data-id=\"bNVLwH\">\n<div class=\"wp-block-gutenverse-image guten-element guten-image guten-m6aCNO hide-tablet hide-mobile gutenify-section-c76999b0-b709-11ef-8472-8fa01e59e153\"><div class=\"guten-image-wrapper\"><img loading=\"lazy\" decoding=\"async\" class=\"gutenverse-image-box-filled\" src=\"https:\/\/orion.ao\/ao\/wp-content\/themes\/renovater\/assets\/img\/Arrow.webp\" height=\"90\" width=\"675\"\/><\/div><\/div>\n\n\n\n<div class=\"guten-element guten-J2Xac4 guten-icon-box icon-position-undefined gutenify-section-c86eada0-b709-11ef-8472-8fa01e59e153\"><div class=\"guten-icon-box-wrapper hover-from-left\"><div class=\"icon-box icon-box-header\"><div class=\"icon style-color\"><i class=\"gtn gtn-Document-Search-light\"><\/i><\/div><\/div><div class=\"icon-box icon-box-body\"><h2 class=\"title\">Vis\u00e3o <\/h2><p class=\"icon-box-description\">Produzir conte\u00fados audiovisuais de excel\u00eancia.<br>Desenvolver solu\u00e7\u00f5es integradas de marketing, publicidade e produ\u00e7\u00e3o de conte\u00fados audiovisuais, com qualidade e impacto, que ajudem os clientes a crescer e a destacar-se no mercado<\/p><\/div><\/div><\/div>\n<\/div><\/div>\n\n\n\n<div class=\"wp-block-gutenverse-column guten-element guten-column guten-Ku3XsM animated guten-element-hide desktop-fadeInLeft gutenify-section-c9d5dec0-b709-11ef-8472-8fa01e59e153\"><div class=\"guten-column-wrapper\" data-id=\"Ku3XsM\">\n<div class=\"guten-element guten-T5ypm3 guten-icon-box icon-position-undefined gutenify-section-c9a1fd80-b709-11ef-8472-8fa01e59e153\"><div class=\"guten-icon-box-wrapper hover-from-left\"><div class=\"icon-box icon-box-header\"><div class=\"icon style-color\"><i class=\"gtn gtn-management-light\"><\/i><\/div><\/div><div class=\"icon-box icon-box-body\"><h2 class=\"title\">Valores<\/h2><p class=\"icon-box-description\">Alavancar as novas tecnologias de informa\u00e7\u00e3o e comunica\u00e7\u00e3o para impulsionar o sucesso comercial dos nossos clientes.<br><strong>Criatividade e Inova\u00e7\u00e3o<\/strong>: transformar ideias em solu\u00e7\u00f5es originais e eficazes.<br><strong>Excel\u00eancia: <\/strong>garantir qualidade em cada entrega.<br><strong>Compromisso com o Cliente<\/strong>:\u00a0 orientar a nossa actua\u00e7\u00e3o para o sucesso dos parceiros.<br><strong>Tecnologia e Transforma\u00e7\u00e3o: <\/strong>usar ferramentas digitais para ampliar resultados.<br><strong>\u00c9tica e Transpar\u00eancia: <\/strong>actuar com responsabilidade e confian\u00e7a.<\/p><\/div><\/div><\/div>\n<\/div><\/div>\n<\/div><\/section><\/div>\n<\/div><\/div>\n<\/div><\/section><\/div>\n\n\n\n<h2 class=\"wp-block-heading gutenify-section-abe67400-ab47-11f0-bcf7-9f8719b401f2\"><strong>META<\/strong><\/h2>\n\n\n\n<p aria-label=\"Text Paragraph\" class=\"guten-element gutenverse-text guten-QfFyaL gutenify-section-b6c1d770-ab47-11f0-bcf7-9f8719b401f2\">Impulsionar o sucesso comercial dos nossos clientes, refor\u00e7ar o know how do capital humano e fortalecer financeiramente a sociedade e empresas a ela ligadas.<\/p>\n\n\n\n<p class=\"gutenify-section-c55efca0-b709-11ef-8472-8fa01e59e153\"><\/p>\n\n\n\n<div class=\"wp-block-cover alignfull is-light has-parallax has-black-color has-text-color gutenify-section-84b85190-b70b-11ef-8472-8fa01e59e153\" style=\"margin-top:0;padding-top:48px;padding-right:48px;padding-bottom:48px;padding-left:48px;min-height:1053px;aspect-ratio:unset;\"><div class=\"wp-block-cover__image-background wp-image-336 has-parallax\" style=\"background-position:50% 50%;background-image:url(https:\/\/orion.ao\/ao\/wp-content\/uploads\/2024\/12\/Mosaico-30-AnosFotos-scaled.jpg)\"><\/div><span aria-hidden=\"true\" class=\"wp-block-cover__background has-background-dim-0 has-background-dim\" style=\"background-color:#ffb43c\"><\/span><div class=\"wp-block-cover__inner-container is-layout-flow wp-block-cover-is-layout-flow\">\n<p class=\"has-text-align-center has-large-font-size gutenify-section-1dcb7ba0-b70c-11ef-b441-bbe7865b44cc\"><\/p>\n<\/div><\/div>\n\n\n\n<div class=\"section-wrapper\" data-id=\"5e9nnt\"><section class=\"wp-block-gutenverse-section guten-element guten-section guten-5e9nnt layout-boxed align-stretch gutenify-section-3a671760-b70c-11ef-b441-bbe7865b44cc\"><div class=\"guten-container guten-column-gap-default\">\n<div class=\"wp-block-gutenverse-column guten-element guten-column guten-hm22ZI gutenify-section-3a4e8650-b70c-11ef-b441-bbe7865b44cc\"><div class=\"guten-column-wrapper\" data-id=\"hm22ZI\">\n<h2 class=\"wp-block-gutenverse-heading guten-element guten-2W1hqH animated guten-element-hide desktop-fadeInLeft gutenify-section-3a1722a0-b70c-11ef-b441-bbe7865b44cc\">Porque nos Escolher?<\/h2>\n\n\n\n<div class=\"guten-element gutenverse-text-editor guten-wb6sWe animated guten-element-hide desktop-fadeInLeft gutenify-section-3a1cc7f0-b70c-11ef-b441-bbe7865b44cc\"><div class=\"text-content-inner\">\n<p class=\"gutenify-section-3a19e1c0-b70c-11ef-b441-bbe7865b44cc\"><\/p>\n<\/div><\/div>\n\n\n\n<div class=\"section-wrapper\" data-id=\"izGD1I\"><section class=\"wp-block-gutenverse-section guten-element guten-section guten-izGD1I layout-boxed align-stretch gutenify-section-3a4b2af0-b70c-11ef-b441-bbe7865b44cc\"><div class=\"guten-container guten-column-gap-no\">\n<div class=\"wp-block-gutenverse-column guten-element guten-column guten-cae7WS gutenify-section-3a2a3570-b70c-11ef-b441-bbe7865b44cc\"><div class=\"guten-column-wrapper\" data-id=\"cae7WS\">\n<div class=\"guten-element guten-Yozt5j animated guten-element-hide desktop-fadeInLeft guten-icon-box icon-position-left gutenify-section-3a272830-b70c-11ef-b441-bbe7865b44cc\"><div class=\"guten-icon-box-wrapper hover-from-left\"><div class=\"icon-box icon-box-header\"><div class=\"icon style-color\"><i class=\"gtn gtn-clock11-light\"><\/i><\/div><\/div><div class=\"icon-box icon-box-body\"><h4 class=\"title\">Atendimento Diferenciado<\/h4><\/div><\/div><\/div>\n<\/div><\/div>\n\n\n\n<div class=\"wp-block-gutenverse-column guten-element guten-column guten-vxeXGf gutenify-section-3a377be0-b70c-11ef-b441-bbe7865b44cc\"><div class=\"guten-column-wrapper\" data-id=\"vxeXGf\">\n<div class=\"guten-element guten-oP42hc animated guten-element-hide desktop-fadeInLeft guten-icon-box icon-position-left gutenify-section-3a346ea0-b70c-11ef-b441-bbe7865b44cc\"><div class=\"guten-icon-box-wrapper hover-from-left\"><div class=\"icon-box icon-box-header\"><div class=\"icon style-color\"><i class=\"gtn gtn-team-2-line\"><\/i><\/div><\/div><div class=\"icon-box icon-box-body\"><h4 class=\"title\">Profissionais Qualificados<\/h4><\/div><\/div><\/div>\n<\/div><\/div>\n\n\n\n<div class=\"wp-block-gutenverse-column guten-element guten-column guten-1jCgZr gutenify-section-3a455e90-b70c-11ef-b441-bbe7865b44cc\"><div class=\"guten-column-wrapper\" data-id=\"1jCgZr\">\n<div class=\"guten-element guten-1sUPMD animated guten-element-hide desktop-fadeInLeft guten-icon-box icon-position-left gutenify-section-3a422a40-b70c-11ef-b441-bbe7865b44cc\"><div class=\"guten-icon-box-wrapper hover-from-left\"><div class=\"icon-box icon-box-header\"><div class=\"icon style-color\"><i class=\"gtn gtn-customer-support-2-light\"><\/i><\/div><\/div><div class=\"icon-box icon-box-body\"><h4 class=\"title\">Suporte 7\/24<\/h4><\/div><\/div><\/div>\n<\/div><\/div>\n<\/div><\/section><\/div>\n<\/div><\/div>\n\n\n\n<div class=\"wp-block-gutenverse-column guten-element guten-column guten-LLkRjW animated guten-element-hide desktop-fadeInRight hide-mobile gutenify-section-3a61c030-b70c-11ef-b441-bbe7865b44cc\"><div class=\"guten-column-wrapper\" data-id=\"LLkRjW\">\n<div class=\"section-wrapper\" data-id=\"RD0u9u\"><section class=\"wp-block-gutenverse-section guten-element guten-section guten-RD0u9u layout-boxed align-stretch gutenify-section-3a5e8be0-b70c-11ef-b441-bbe7865b44cc\"><div class=\"guten-container guten-column-gap-no\">\n<div class=\"wp-block-gutenverse-column guten-element guten-column guten-L5XZgB gutenify-section-57447710-b70c-11ef-b441-bbe7865b44cc\"><div class=\"guten-column-wrapper\" data-id=\"L5XZgB\"><\/div><\/div>\n\n\n\n<div class=\"wp-block-gutenverse-column guten-element guten-column guten-pj6zzD gutenify-section-5748e3e0-b70c-11ef-b441-bbe7865b44cc\"><div class=\"guten-column-wrapper\" data-id=\"pj6zzD\"><\/div><\/div>\n\n\n\n<div class=\"wp-block-gutenverse-column guten-element guten-column guten-Zz2ZO1 gutenify-section-574d9ed0-b70c-11ef-b441-bbe7865b44cc\"><div class=\"guten-column-wrapper\" data-id=\"Zz2ZO1\"><\/div><\/div>\n\n\n\n<div class=\"wp-block-gutenverse-column guten-element guten-column guten-3PN7cl gutenify-section-57534420-b70c-11ef-b441-bbe7865b44cc\"><div class=\"guten-column-wrapper\" data-id=\"3PN7cl\"><\/div><\/div>\n\n\n\n<div class=\"wp-block-gutenverse-column guten-element guten-column guten-asZz1B gutenify-section-57587440-b70c-11ef-b441-bbe7865b44cc\"><div class=\"guten-column-wrapper\" data-id=\"asZz1B\"><\/div><\/div>\n<\/div><\/section><\/div>\n\n\n\n<figure class=\"wp-block-image size-large gutenify-section-97145f40-b70c-11ef-b441-bbe7865b44cc\"><img loading=\"lazy\" decoding=\"async\" width=\"1024\" height=\"683\" src=\"https:\/\/orion.ao\/ao\/wp-content\/uploads\/2024\/12\/272158686_4871806802865509_8484873067060942727_n-1024x683.jpeg\" alt=\"\" class=\"wp-image-184\" srcset=\"https:\/\/orion.ao\/ao\/wp-content\/uploads\/2024\/12\/272158686_4871806802865509_8484873067060942727_n-1024x683.jpeg 1024w, https:\/\/orion.ao\/ao\/wp-content\/uploads\/2024\/12\/272158686_4871806802865509_8484873067060942727_n-300x200.jpeg 300w, https:\/\/orion.ao\/ao\/wp-content\/uploads\/2024\/12\/272158686_4871806802865509_8484873067060942727_n-768x512.jpeg 768w, https:\/\/orion.ao\/ao\/wp-content\/uploads\/2024\/12\/272158686_4871806802865509_8484873067060942727_n-1536x1024.jpeg 1536w, https:\/\/orion.ao\/ao\/wp-content\/uploads\/2024\/12\/272158686_4871806802865509_8484873067060942727_n.jpeg 2048w\" sizes=\"auto, (max-width: 1024px) 100vw, 1024px\" \/><\/figure>\n<\/div><\/div>\n<\/div><\/section><\/div>\n","protected":false},"excerpt":{"rendered":"<p>META<\/p>\n","protected":false},"author":1,"featured_media":0,"parent":0,"menu_order":0,"comment_status":"closed","ping_status":"closed","template":"","meta":{"ca_portfolio_gallery_project_year":"","ca_portfolio_gallery_client":"","ca_portfolio_gallery_skills":"","ca_portfolio_gallery_url":"","advanced_seo_description":"","jetpack_seo_html_title":"","jetpack_seo_noindex":false,"gutenify_custom_css":"","gutenify_custom_css_data":"","footnotes":""},"class_list":["post-307","page","type-page","status-publish","hentry"],"featured_image_url":[],"post_author":"orion2025@","assigned_categories":"","jetpack_sharing_enabled":true,"_links":{"self":[{"href":"https:\/\/orion.ao\/ao\/wp-json\/wp\/v2\/pages\/307","targetHints":{"allow":["GET"]}}],"collection":[{"href":"https:\/\/orion.ao\/ao\/wp-json\/wp\/v2\/pages"}],"about":[{"href":"https:\/\/orion.ao\/ao\/wp-json\/wp\/v2\/types\/page"}],"author":[{"embeddable":true,"href":"https:\/\/orion.ao\/ao\/wp-json\/wp\/v2\/users\/1"}],"replies":[{"embeddable":true,"href":"https:\/\/orion.ao\/ao\/wp-json\/wp\/v2\/comments?post=307"}],"version-history":[{"count":44,"href":"https:\/\/orion.ao\/ao\/wp-json\/wp\/v2\/pages\/307\/revisions"}],"predecessor-version":[{"id":781,"href":"https:\/\/orion.ao\/ao\/wp-json\/wp\/v2\/pages\/307\/revisions\/781"}],"wp:attachment":[{"href":"https:\/\/orion.ao\/ao\/wp-json\/wp\/v2\/media?parent=307"}],"curies":[{"name":"wp","href":"https:\/\/api.w.org\/{rel}","templated":true}]}}